{"id":684,"date":"2025-09-26T20:47:34","date_gmt":"2025-09-26T18:47:34","guid":{"rendered":"https:\/\/parserdata.com\/blog\/?page_id=684"},"modified":"2025-09-26T20:57:44","modified_gmt":"2025-09-26T18:57:44","slug":"sitemap","status":"publish","type":"page","link":"https:\/\/parserdata.com\/blog\/sitemap\/","title":{"rendered":"Sitemap"},"content":{"rendered":"<div class=\"rank-math-html-sitemap\"><div class=\"rank-math-html-sitemap__section rank-math-html-sitemap__section--post-type rank-math-html-sitemap__section--post\"><h2 class=\"rank-math-html-sitemap__title\">Posts<\/h2><ul class=\"rank-math-html-sitemap__list\"><li class=\"rank-math-html-sitemap__item\"><a href=\"https:\/\/parserdata.com\/blog\/template-ocr-dead-ai-document-extraction-apis\/\" class=\"rank-math-html-sitemap__link\">Template OCR Is Dead: How AI Document Extraction APIs Cut Dev Time by 80%<\/a> <span class=\"rank-math-html-sitemap__date\">(March 9, 2026)<\/span><\/li><li class=\"rank-math-html-sitemap__item\"><a href=\"https:\/\/parserdata.com\/blog\/manual-invoice-processing-cost\/\" class=\"rank-math-html-sitemap__link\">The Hidden Manual Invoice Processing Cost in 2026: A CFO&#039;s Guide<\/a> <span class=\"rank-math-html-sitemap__date\">(February 26, 2026)<\/span><\/li><li class=\"rank-math-html-sitemap__item\"><a href=\"https:\/\/parserdata.com\/blog\/step-by-step-data-extraction\/\" class=\"rank-math-html-sitemap__link\">Step by Step Data Extraction: The Best How-To Guide (2026)<\/a> <span class=\"rank-math-html-sitemap__date\">(February 22, 2026)<\/span><\/li><li class=\"rank-math-html-sitemap__item\"><a href=\"https:\/\/parserdata.com\/blog\/business-data-analytics-explained\/\" class=\"rank-math-html-sitemap__link\">Business Data Analytics Explained: The Ultimate 2026 Guide<\/a> <span class=\"rank-math-html-sitemap__date\">(February 21, 2026)<\/span><\/li><li class=\"rank-math-html-sitemap__item\"><a href=\"https:\/\/parserdata.com\/blog\/what-is-excel-automation\/\" class=\"rank-math-html-sitemap__link\">What Is Excel Automation? The Ultimate 2026 Explainer Guide<\/a> <span class=\"rank-math-html-sitemap__date\">(February 20, 2026)<\/span><\/li><li class=\"rank-math-html-sitemap__item\"><a href=\"https:\/\/parserdata.com\/blog\/data-extraction-for-legal-teams\/\" class=\"rank-math-html-sitemap__link\">Data Extraction for Legal Teams: The 2026 Explainer Guide<\/a> <span class=\"rank-math-html-sitemap__date\">(February 19, 2026)<\/span><\/li><li class=\"rank-math-html-sitemap__item\"><a href=\"https:\/\/parserdata.com\/blog\/tipalti-alternative-for-data-extraction\/\" class=\"rank-math-html-sitemap__link\">The Best Tipalti Alternative for Data Extraction: Stop Paying for Overkill (2026)<\/a> <span class=\"rank-math-html-sitemap__date\">(February 18, 2026)<\/span><\/li><li class=\"rank-math-html-sitemap__item\"><a href=\"https:\/\/parserdata.com\/blog\/how-to-extract-data-from-documents\/\" class=\"rank-math-html-sitemap__link\">How to Extract Data from Documents: The Ultimate 2026 Guide<\/a> <span class=\"rank-math-html-sitemap__date\">(February 17, 2026)<\/span><\/li><li class=\"rank-math-html-sitemap__item\"><a href=\"https:\/\/parserdata.com\/blog\/what-is-report-generation\/\" class=\"rank-math-html-sitemap__link\">What Is Report Generation? The Ultimate Guide to Automated Intelligence (2026)<\/a> <span class=\"rank-math-html-sitemap__date\">(February 16, 2026)<\/span><\/li><li class=\"rank-math-html-sitemap__item\"><a href=\"https:\/\/parserdata.com\/blog\/why-integrate-data-analytics\/\" class=\"rank-math-html-sitemap__link\">Why Integrate Data Analytics? The Ultimate Strategy to Skyrocket Growth (2026)<\/a> <span class=\"rank-math-html-sitemap__date\">(February 15, 2026)<\/span><\/li><li class=\"rank-math-html-sitemap__item\"><a href=\"https:\/\/parserdata.com\/blog\/types-of-business-documents-to-automate\/\" class=\"rank-math-html-sitemap__link\">25 Types of Business Documents to Automate in 2026: The Ultimate List<\/a> <span class=\"rank-math-html-sitemap__date\">(February 13, 2026)<\/span><\/li><li class=\"rank-math-html-sitemap__item\"><a href=\"https:\/\/parserdata.com\/blog\/types-of-financial-data-extraction\/\" class=\"rank-math-html-sitemap__link\">7 Types of Financial Data Extraction: The Complete 2026 Guide<\/a> <span class=\"rank-math-html-sitemap__date\">(February 12, 2026)<\/span><\/li><li class=\"rank-math-html-sitemap__item\"><a href=\"https:\/\/parserdata.com\/blog\/how-to-convert-pdfs-to-structured-data\/\" class=\"rank-math-html-sitemap__link\">How to Convert PDFs to Structured Data: The 2026 Master Guide<\/a> <span class=\"rank-math-html-sitemap__date\">(February 4, 2026)<\/span><\/li><li class=\"rank-math-html-sitemap__item\"><a href=\"https:\/\/parserdata.com\/blog\/financial-document-automation-tools\/\" class=\"rank-math-html-sitemap__link\">Top 12 Financial Document Automation Tools: The Best 2026 Review<\/a> <span class=\"rank-math-html-sitemap__date\">(February 3, 2026)<\/span><\/li><li class=\"rank-math-html-sitemap__item\"><a href=\"https:\/\/parserdata.com\/blog\/types-of-business-documents\/\" class=\"rank-math-html-sitemap__link\">35 Essential Types of Business Documents: The Best 2026 Guide<\/a> <span class=\"rank-math-html-sitemap__date\">(February 2, 2026)<\/span><\/li><li class=\"rank-math-html-sitemap__item\"><a href=\"https:\/\/parserdata.com\/blog\/role-of-api-in-automation\/\" class=\"rank-math-html-sitemap__link\">The Role of API in Automation: The Nervous System of Finance (2026)<\/a> <span class=\"rank-math-html-sitemap__date\">(February 1, 2026)<\/span><\/li><li class=\"rank-math-html-sitemap__item\"><a href=\"https:\/\/parserdata.com\/blog\/data-quality-in-automation\/\" class=\"rank-math-html-sitemap__link\">Data Quality in Automation: The Hidden Key to ROI (2026)<\/a> <span class=\"rank-math-html-sitemap__date\">(January 31, 2026)<\/span><\/li><li class=\"rank-math-html-sitemap__item\"><a href=\"https:\/\/parserdata.com\/blog\/why-automate-data-processing\/\" class=\"rank-math-html-sitemap__link\">Why Automate Data Processing? 5 Strategic Reasons (2026)<\/a> <span class=\"rank-math-html-sitemap__date\">(January 30, 2026)<\/span><\/li><li class=\"rank-math-html-sitemap__item\"><a href=\"https:\/\/parserdata.com\/blog\/how-to-automate-data-extraction\/\" class=\"rank-math-html-sitemap__link\">How to Automate Data Extraction: The Complete 5-Step Guide (2026)<\/a> <span class=\"rank-math-html-sitemap__date\">(January 29, 2026)<\/span><\/li><li class=\"rank-math-html-sitemap__item\"><a href=\"https:\/\/parserdata.com\/blog\/why-use-api-for-data\/\" class=\"rank-math-html-sitemap__link\">Why Use API for Data Integration? The Best 2026 Guide for Finance<\/a> <span class=\"rank-math-html-sitemap__date\">(January 28, 2026)<\/span><\/li><li class=\"rank-math-html-sitemap__item\"><a href=\"https:\/\/parserdata.com\/blog\/business-document-automation-explained\/\" class=\"rank-math-html-sitemap__link\">Business Document Automation Explained: The 2026 Guide to Efficiency<\/a> <span class=\"rank-math-html-sitemap__date\">(January 27, 2026)<\/span><\/li><li class=\"rank-math-html-sitemap__item\"><a href=\"https:\/\/parserdata.com\/blog\/explaining-pdf-data-extraction\/\" class=\"rank-math-html-sitemap__link\">Explaining PDF Data Extraction: The Ultimate Technical Guide (2026)<\/a> <span class=\"rank-math-html-sitemap__date\">(January 26, 2026)<\/span><\/li><li class=\"rank-math-html-sitemap__item\"><a href=\"https:\/\/parserdata.com\/blog\/what-is-data-extraction\/\" class=\"rank-math-html-sitemap__link\">What Is Data Extraction? The Complete Guide for Finance (2026)<\/a> <span class=\"rank-math-html-sitemap__date\">(January 25, 2026)<\/span><\/li><li class=\"rank-math-html-sitemap__item\"><a href=\"https:\/\/parserdata.com\/blog\/automation-best-practices\/\" class=\"rank-math-html-sitemap__link\">10 Automation Best Practices to Scale Finance Operations (2026)<\/a> <span class=\"rank-math-html-sitemap__date\">(January 24, 2026)<\/span><\/li><li class=\"rank-math-html-sitemap__item\"><a href=\"https:\/\/parserdata.com\/blog\/how-to-extract-data-from-pdfs\/\" class=\"rank-math-html-sitemap__link\">How to Extract Data from PDFs: 5 Efficient Ways in 2026<\/a> <span class=\"rank-math-html-sitemap__date\">(January 23, 2026)<\/span><\/li><li class=\"rank-math-html-sitemap__item\"><a href=\"https:\/\/parserdata.com\/blog\/why-use-api-for-data-integration\/\" class=\"rank-math-html-sitemap__link\">5 Reasons Why Use API for Data Integration in Finance (2026)<\/a> <span class=\"rank-math-html-sitemap__date\">(January 22, 2026)<\/span><\/li><li class=\"rank-math-html-sitemap__item\"><a href=\"https:\/\/parserdata.com\/blog\/benefits-of-ai-analytics\/\" class=\"rank-math-html-sitemap__link\">7 Game-Changing Benefits of AI Analytics for Business (2026)<\/a> <span class=\"rank-math-html-sitemap__date\">(January 21, 2026)<\/span><\/li><li class=\"rank-math-html-sitemap__item\"><a href=\"https:\/\/parserdata.com\/blog\/legal-document-automation-compliance\/\" class=\"rank-math-html-sitemap__link\">Master Legal Document Automation Workflow for Compliance (2026)<\/a> <span class=\"rank-math-html-sitemap__date\">(January 18, 2026)<\/span><\/li><li class=\"rank-math-html-sitemap__item\"><a href=\"https:\/\/parserdata.com\/blog\/data-automation-platforms-comparison\/\" class=\"rank-math-html-sitemap__link\">Data Automation Platforms Comparison - Top 4 Picks 2026<\/a> <span class=\"rank-math-html-sitemap__date\">(January 17, 2026)<\/span><\/li><li class=\"rank-math-html-sitemap__item\"><a href=\"https:\/\/parserdata.com\/blog\/automate-document-processing-in-finance\/\" class=\"rank-math-html-sitemap__link\">Automate Document Processing in Finance: 5 Key Benefits (2026)<\/a> <span class=\"rank-math-html-sitemap__date\">(January 16, 2026)<\/span><\/li><li class=\"rank-math-html-sitemap__item\"><a href=\"https:\/\/parserdata.com\/blog\/invoice-data-extraction-api-guide\/\" class=\"rank-math-html-sitemap__link\">Invoice Data Extraction API: 4 Powerful Steps to Master in 2026<\/a> <span class=\"rank-math-html-sitemap__date\">(January 14, 2026)<\/span><\/li><li class=\"rank-math-html-sitemap__item\"><a href=\"https:\/\/parserdata.com\/blog\/logistics-invoice-automation-guide\/\" class=\"rank-math-html-sitemap__link\">Logistics Invoice Automation: 4 Powerful Steps to Save Time &amp; Money<\/a> <span class=\"rank-math-html-sitemap__date\">(January 13, 2026)<\/span><\/li><li class=\"rank-math-html-sitemap__item\"><a href=\"https:\/\/parserdata.com\/blog\/manufacturing-invoice-automation-guide\/\" class=\"rank-math-html-sitemap__link\">Manufacturing Invoice Automation: 8 Powerful Steps to Master (2026)<\/a> <span class=\"rank-math-html-sitemap__date\">(January 9, 2026)<\/span><\/li><li class=\"rank-math-html-sitemap__item\"><a href=\"https:\/\/parserdata.com\/blog\/restaurant-invoice-automation-guide\/\" class=\"rank-math-html-sitemap__link\">Restaurant Invoice Automation: 8 Powerful Steps to Master (2026)<\/a> <span class=\"rank-math-html-sitemap__date\">(January 8, 2026)<\/span><\/li><li class=\"rank-math-html-sitemap__item\"><a href=\"https:\/\/parserdata.com\/blog\/legal-invoice-ai-automation-guide\/\" class=\"rank-math-html-sitemap__link\">Legal Invoice AI Automation: 8 Powerful Steps to Master (2026)<\/a> <span class=\"rank-math-html-sitemap__date\">(January 7, 2026)<\/span><\/li><li class=\"rank-math-html-sitemap__item\"><a href=\"https:\/\/parserdata.com\/blog\/construction-invoice-automation-guide\/\" class=\"rank-math-html-sitemap__link\">Construction Invoice Automation: 8 Powerful Steps to Save $14,000<\/a> <span class=\"rank-math-html-sitemap__date\">(January 6, 2026)<\/span><\/li><li class=\"rank-math-html-sitemap__item\"><a href=\"https:\/\/parserdata.com\/blog\/medical-invoice-ai-automation\/\" class=\"rank-math-html-sitemap__link\">Medical Invoice AI Automation: 8 Powerful Steps to Master (2026)<\/a> <span class=\"rank-math-html-sitemap__date\">(January 5, 2026)<\/span><\/li><li class=\"rank-math-html-sitemap__item\"><a href=\"https:\/\/parserdata.com\/blog\/real-estate-invoice-automation-guide\/\" class=\"rank-math-html-sitemap__link\">8 Incredible Steps to Master Real Estate Invoice Automation in 2026<\/a> <span class=\"rank-math-html-sitemap__date\">(January 4, 2026)<\/span><\/li><li class=\"rank-math-html-sitemap__item\"><a href=\"https:\/\/parserdata.com\/blog\/batch-pdf-to-excel-invoice-converter\/\" class=\"rank-math-html-sitemap__link\">8 Steps to Master Batch PDF to Excel Invoice Converter (2026)<\/a> <span class=\"rank-math-html-sitemap__date\">(January 3, 2026)<\/span><\/li><li class=\"rank-math-html-sitemap__item\"><a href=\"https:\/\/parserdata.com\/blog\/pdf-to-excel-invoice-converter\/\" class=\"rank-math-html-sitemap__link\">PDF to Excel Invoice Converter: 8 Easy Steps to Automate Fast (2026)<\/a> <span class=\"rank-math-html-sitemap__date\">(January 2, 2026)<\/span><\/li><li class=\"rank-math-html-sitemap__item\"><a href=\"https:\/\/parserdata.com\/blog\/automated-data-extraction-guide\/\" class=\"rank-math-html-sitemap__link\">8 Powerful Steps to Master Automated Data Extraction in 2026<\/a> <span class=\"rank-math-html-sitemap__date\">(December 31, 2025)<\/span><\/li><li class=\"rank-math-html-sitemap__item\"><a href=\"https:\/\/parserdata.com\/blog\/automated-invoice-processing-tool-guide\/\" class=\"rank-math-html-sitemap__link\">Automated Invoice Processing Tool: Transform Your Data Entry<\/a> <span class=\"rank-math-html-sitemap__date\">(December 30, 2025)<\/span><\/li><li class=\"rank-math-html-sitemap__item\"><a href=\"https:\/\/parserdata.com\/blog\/ai-powered-invoice-parser-for-finance-teams\/\" class=\"rank-math-html-sitemap__link\">AI-Powered Invoice Parser for Finance Teams: Boost Efficiency<\/a> <span class=\"rank-math-html-sitemap__date\">(December 29, 2025)<\/span><\/li><li class=\"rank-math-html-sitemap__item\"><a href=\"https:\/\/parserdata.com\/blog\/ai-invoice-to-excel-converter\/\" class=\"rank-math-html-sitemap__link\">AI invoice to Excel converter: Transforming Invoice Processing for Finance Teams<\/a> <span class=\"rank-math-html-sitemap__date\">(December 28, 2025)<\/span><\/li><li class=\"rank-math-html-sitemap__item\"><a href=\"https:\/\/parserdata.com\/blog\/automated-data-extraction-utilities\/\" class=\"rank-math-html-sitemap__link\">Transform Your Utilities Billing with Automated Data Extraction<\/a> <span class=\"rank-math-html-sitemap__date\">(December 27, 2025)<\/span><\/li><li class=\"rank-math-html-sitemap__item\"><a href=\"https:\/\/parserdata.com\/blog\/ai-powered-data-extraction-small-businesses\/\" class=\"rank-math-html-sitemap__link\">8 Powerful Steps to Master AI-Powered Data Extraction for Small Businesses<\/a> <span class=\"rank-math-html-sitemap__date\">(December 25, 2025)<\/span><\/li><li class=\"rank-math-html-sitemap__item\"><a href=\"https:\/\/parserdata.com\/blog\/ai-powered-data-extraction-guide\/\" class=\"rank-math-html-sitemap__link\">8 Powerful Steps to Master AI-Powered Data Extraction in 2026<\/a> <span class=\"rank-math-html-sitemap__date\">(December 24, 2025)<\/span><\/li><li class=\"rank-math-html-sitemap__item\"><a href=\"https:\/\/parserdata.com\/blog\/data-entry-for-finance-teams\/\" class=\"rank-math-html-sitemap__link\">6 Transformative Steps for Data Entry for Finance Teams in 2026<\/a> <span class=\"rank-math-html-sitemap__date\">(December 23, 2025)<\/span><\/li><li class=\"rank-math-html-sitemap__item\"><a href=\"https:\/\/parserdata.com\/blog\/supply-chain-data-automation-in-2026\/\" class=\"rank-math-html-sitemap__link\">6 Proven Steps for Supply Chain Data Automation in 2026<\/a> <span class=\"rank-math-html-sitemap__date\">(December 22, 2025)<\/span><\/li><li class=\"rank-math-html-sitemap__item\"><a href=\"https:\/\/parserdata.com\/blog\/maximize-your-reach-in-horeca-trends-and-tips\/\" class=\"rank-math-html-sitemap__link\">6 Powerful Steps to Maximize Your Reach in HoReCa: 2026 Guide<\/a> <span class=\"rank-math-html-sitemap__date\">(December 21, 2025)<\/span><\/li><li class=\"rank-math-html-sitemap__item\"><a href=\"https:\/\/parserdata.com\/blog\/automated-invoice-processing\/\" class=\"rank-math-html-sitemap__link\">Transforming Data Entry with Automated Invoice Processing<\/a> <span class=\"rank-math-html-sitemap__date\">(December 20, 2025)<\/span><\/li><li class=\"rank-math-html-sitemap__item\"><a href=\"https:\/\/parserdata.com\/blog\/streamlining-data-entry-in-procurement\/\" class=\"rank-math-html-sitemap__link\">7 Proven Ways for Streamlining Data Entry in Procurement: A 2025 Guide<\/a> <span class=\"rank-math-html-sitemap__date\">(December 19, 2025)<\/span><\/li><li class=\"rank-math-html-sitemap__item\"><a href=\"https:\/\/parserdata.com\/blog\/ai-data-extraction-benefits-finance\/\" class=\"rank-math-html-sitemap__link\">4 Powerful Benefits of AI Data Extraction in Finance<\/a> <span class=\"rank-math-html-sitemap__date\">(December 18, 2025)<\/span><\/li><li class=\"rank-math-html-sitemap__item\"><a href=\"https:\/\/parserdata.com\/blog\/automating-data-extraction\/\" class=\"rank-math-html-sitemap__link\">6 Powerful Steps for Automating Data Extraction<\/a> <span class=\"rank-math-html-sitemap__date\">(December 18, 2025)<\/span><\/li><li class=\"rank-math-html-sitemap__item\"><a href=\"https:\/\/parserdata.com\/blog\/automated-extraction-invoice-management\/\" class=\"rank-math-html-sitemap__link\">7 Effective Ways Automated Extraction Transforms Invoice Management<\/a> <span class=\"rank-math-html-sitemap__date\">(December 17, 2025)<\/span><\/li><li class=\"rank-math-html-sitemap__item\"><a href=\"https:\/\/parserdata.com\/blog\/es\/procesamiento-automatizado-facturas-construccion\/\" class=\"rank-math-html-sitemap__link\">Automatizaci\u00f3n del Procesamiento de Facturas en Construcci\u00f3n: La Gu\u00eda Definitiva para Flujos de Trabajo Eficientes<\/a> <span class=\"rank-math-html-sitemap__date\">(September 27, 2025)<\/span><\/li><li class=\"rank-math-html-sitemap__item\"><a href=\"https:\/\/parserdata.com\/blog\/convert-pdf-invoice-to-excel\/\" class=\"rank-math-html-sitemap__link\">5 Easy Ways to Convert PDF Invoice to Excel (2025)<\/a> <span class=\"rank-math-html-sitemap__date\">(September 26, 2025)<\/span><\/li><li class=\"rank-math-html-sitemap__item\"><a href=\"https:\/\/parserdata.com\/blog\/ai-invoice-scanning-software\/\" class=\"rank-math-html-sitemap__link\">The Best AI Invoice Scanning Software (2025 Guide)<\/a> <span class=\"rank-math-html-sitemap__date\">(September 23, 2025)<\/span><\/li><\/ul><\/div><div class=\"rank-math-html-sitemap__section rank-math-html-sitemap__section--post-type rank-math-html-sitemap__section--page\"><h2 class=\"rank-math-html-sitemap__title\">Pages<\/h2><ul class=\"rank-math-html-sitemap__list\"><li class=\"rank-math-html-sitemap__item\"><a href=\"https:\/\/parserdata.com\/blog\/sitemap\/\" class=\"rank-math-html-sitemap__link\">Sitemap<\/a> <span class=\"rank-math-html-sitemap__date\">(September 26, 2025)<\/span><\/li><li class=\"rank-math-html-sitemap__item\"><a href=\"https:\/\/parserdata.com\/blog\/articles\/\" class=\"rank-math-html-sitemap__link\">Articles<\/a> <span class=\"rank-math-html-sitemap__date\">(September 22, 2025)<\/span><\/li><li class=\"rank-math-html-sitemap__item\"><a href=\"https:\/\/parserdata.com\/blog\/fr\/home-francais\/\" class=\"rank-math-html-sitemap__link\">Home - Fran\u00e7ais<\/a> <span class=\"rank-math-html-sitemap__date\">(September 20, 2025)<\/span><\/li><li class=\"rank-math-html-sitemap__item\"><a href=\"https:\/\/parserdata.com\/blog\/de\/home-deutsch\/\" class=\"rank-math-html-sitemap__link\">Home - Deutsch<\/a> <span class=\"rank-math-html-sitemap__date\">(September 20, 2025)<\/span><\/li><li class=\"rank-math-html-sitemap__item\"><a href=\"https:\/\/parserdata.com\/blog\/pt\/home-portugues\/\" class=\"rank-math-html-sitemap__link\">Home - Portugu\u00eas<\/a> <span class=\"rank-math-html-sitemap__date\">(September 20, 2025)<\/span><\/li><li class=\"rank-math-html-sitemap__item\"><a href=\"https:\/\/parserdata.com\/blog\/es\/home-espanol\/\" class=\"rank-math-html-sitemap__link\">Home - Espa\u00f1ol<\/a> <span class=\"rank-math-html-sitemap__date\">(September 20, 2025)<\/span><\/li><li class=\"rank-math-html-sitemap__item\"><a href=\"https:\/\/parserdata.com\/blog\/privacy-policy\/\" class=\"rank-math-html-sitemap__link\">Privacy Policy<\/a> <span class=\"rank-math-html-sitemap__date\">(September 20, 2025)<\/span><\/li><li class=\"rank-math-html-sitemap__item\"><a href=\"https:\/\/parserdata.com\/blog\/about-parserdata\/\" class=\"rank-math-html-sitemap__link\">About Parserdata<\/a> <span class=\"rank-math-html-sitemap__date\">(February 25, 2022)<\/span><\/li><li class=\"rank-math-html-sitemap__item\"><a href=\"https:\/\/parserdata.com\/blog\/\" class=\"rank-math-html-sitemap__link\">Home<\/a> <span class=\"rank-math-html-sitemap__date\">(February 23, 2022)<\/span><\/li><\/ul><\/div><\/div>\n\n\n\n<p><\/p>\n","protected":false},"excerpt":{"rendered":"","protected":false},"author":1,"featured_media":0,"parent":0,"menu_order":0,"comment_status":"closed","ping_status":"closed","template":"","meta":{"_swpsp_post_exclude":false,"_kad_post_transparent":"","_kad_post_title":"","_kad_post_layout":"","_kad_post_sidebar_id":"","_kad_post_content_style":"","_kad_post_vertical_padding":"","_kad_post_feature":"","_kad_post_feature_position":"","_kad_post_header":false,"_kad_post_footer":false,"_kad_post_classname":"","footnotes":""},"class_list":["post-684","page","type-page","status-publish","hentry"],"_links":{"self":[{"href":"https:\/\/parserdata.com\/blog\/wp-json\/wp\/v2\/pages\/684","targetHints":{"allow":["GET"]}}],"collection":[{"href":"https:\/\/parserdata.com\/blog\/wp-json\/wp\/v2\/pages"}],"about":[{"href":"https:\/\/parserdata.com\/blog\/wp-json\/wp\/v2\/types\/page"}],"author":[{"embeddable":true,"href":"https:\/\/parserdata.com\/blog\/wp-json\/wp\/v2\/users\/1"}],"replies":[{"embeddable":true,"href":"https:\/\/parserdata.com\/blog\/wp-json\/wp\/v2\/comments?post=684"}],"version-history":[{"count":2,"href":"https:\/\/parserdata.com\/blog\/wp-json\/wp\/v2\/pages\/684\/revisions"}],"predecessor-version":[{"id":689,"href":"https:\/\/parserdata.com\/blog\/wp-json\/wp\/v2\/pages\/684\/revisions\/689"}],"wp:attachment":[{"href":"https:\/\/parserdata.com\/blog\/wp-json\/wp\/v2\/media?parent=684"}],"curies":[{"name":"wp","href":"https:\/\/api.w.org\/{rel}","templated":true}]}}